{"id":47,"date":"2021-10-21T16:58:30","date_gmt":"2021-10-21T16:58:30","guid":{"rendered":"https:\/\/juliencarrier.com\/?page_id=47"},"modified":"2024-08-20T01:20:43","modified_gmt":"2024-08-20T01:20:43","slug":"cv-julien-carrier","status":"publish","type":"page","link":"https:\/\/juliencarrier.com\/fr\/cv-julien-carrier\/","title":{"rendered":"CV"},"content":{"rendered":"<p class=\"m0\">Voici mon cv:<\/p>\n\n\n\n<p class=\"\"><a href=\"https:\/\/juliencarrier.com\/wp-content\/uploads\/2024\/08\/Julien_CV_Francais.pdf\">Curriculum Vitae_Julien Carrier<\/a><\/p>\n\n\n\n<p class=\"\"><\/p>","protected":false},"excerpt":{"rendered":"<p>Here is my cv: Curriculum Vitae_Julien Carrier<\/p>","protected":false},"author":1,"featured_media":0,"parent":0,"menu_order":0,"comment_status":"closed","ping_status":"closed","template":"","meta":{"nf_dc_page":"","om_disable_all_campaigns":false,"_monsterinsights_skip_tracking":false,"_monsterinsights_sitenote_active":false,"_monsterinsights_sitenote_note":"","_monsterinsights_sitenote_category":0,"footnotes":""},"class_list":["post-47","page","type-page","status-publish","hentry"],"yoast_head":"<!-- This site is optimized with the Yoast SEO plugin v27.4 - https:\/\/yoast.com\/product\/yoast-seo-wordpress\/ -->\n<title>CV - Julien Carrier<\/title>\n<meta name=\"robots\" content=\"index, follow, max-snippet:-1, max-image-preview:large, max-video-preview:-1\" \/>\n<link rel=\"canonical\" href=\"https:\/\/juliencarrier.com\/fr\/cv-julien-carrier\/\" \/>\n<meta property=\"og:locale\" content=\"fr_FR\" \/>\n<meta property=\"og:type\" content=\"article\" \/>\n<meta property=\"og:title\" content=\"CV - Julien Carrier\" \/>\n<meta property=\"og:description\" content=\"Here is my cv: Curriculum Vitae_Julien Carrier\" \/>\n<meta property=\"og:url\" content=\"https:\/\/juliencarrier.com\/fr\/cv-julien-carrier\/\" \/>\n<meta property=\"og:site_name\" content=\"Julien Carrier\" \/>\n<meta property=\"article:publisher\" content=\"https:\/\/www.facebook.com\/profile.php?id=100005716321172\" \/>\n<meta property=\"article:modified_time\" content=\"2024-08-20T01:20:43+00:00\" \/>\n<meta name=\"twitter:card\" content=\"summary_large_image\" \/>\n<meta name=\"twitter:label1\" content=\"Dur\u00e9e de lecture estim\u00e9e\" \/>\n\t<meta name=\"twitter:data1\" content=\"1 minute\" \/>\n<script type=\"application\/ld+json\" class=\"yoast-schema-graph\">{\"@context\":\"https:\\\/\\\/schema.org\",\"@graph\":[{\"@type\":\"WebPage\",\"@id\":\"https:\\\/\\\/juliencarrier.com\\\/cv-julien-carrier\\\/\",\"url\":\"https:\\\/\\\/juliencarrier.com\\\/cv-julien-carrier\\\/\",\"name\":\"CV - Julien Carrier\",\"isPartOf\":{\"@id\":\"https:\\\/\\\/juliencarrier.com\\\/#website\"},\"datePublished\":\"2021-10-21T16:58:30+00:00\",\"dateModified\":\"2024-08-20T01:20:43+00:00\",\"breadcrumb\":{\"@id\":\"https:\\\/\\\/juliencarrier.com\\\/cv-julien-carrier\\\/#breadcrumb\"},\"inLanguage\":\"fr-FR\",\"potentialAction\":[{\"@type\":\"ReadAction\",\"target\":[\"https:\\\/\\\/juliencarrier.com\\\/cv-julien-carrier\\\/\"]}]},{\"@type\":\"BreadcrumbList\",\"@id\":\"https:\\\/\\\/juliencarrier.com\\\/cv-julien-carrier\\\/#breadcrumb\",\"itemListElement\":[{\"@type\":\"ListItem\",\"position\":1,\"name\":\"Home\",\"item\":\"https:\\\/\\\/juliencarrier.com\\\/\"},{\"@type\":\"ListItem\",\"position\":2,\"name\":\"CV\"}]},{\"@type\":\"WebSite\",\"@id\":\"https:\\\/\\\/juliencarrier.com\\\/#website\",\"url\":\"https:\\\/\\\/juliencarrier.com\\\/\",\"name\":\"Julien Carrier\",\"description\":\"Assistant Professor @ University of Kentucky\",\"publisher\":{\"@id\":\"https:\\\/\\\/juliencarrier.com\\\/#\\\/schema\\\/person\\\/d7c3510775020c6a1268db7d281a6777\"},\"potentialAction\":[{\"@type\":\"SearchAction\",\"target\":{\"@type\":\"EntryPoint\",\"urlTemplate\":\"https:\\\/\\\/juliencarrier.com\\\/?s={search_term_string}\"},\"query-input\":{\"@type\":\"PropertyValueSpecification\",\"valueRequired\":true,\"valueName\":\"search_term_string\"}}],\"inLanguage\":\"fr-FR\"},{\"@type\":[\"Person\",\"Organization\"],\"@id\":\"https:\\\/\\\/juliencarrier.com\\\/#\\\/schema\\\/person\\\/d7c3510775020c6a1268db7d281a6777\",\"name\":\"carrier.julien\",\"image\":{\"@type\":\"ImageObject\",\"inLanguage\":\"fr-FR\",\"@id\":\"https:\\\/\\\/secure.gravatar.com\\\/avatar\\\/1fc8990565dae517d933c62b6f7e11ac3d3423dc9f65f354fe0640e5fdd913af?s=96&d=mm&r=g\",\"url\":\"https:\\\/\\\/secure.gravatar.com\\\/avatar\\\/1fc8990565dae517d933c62b6f7e11ac3d3423dc9f65f354fe0640e5fdd913af?s=96&d=mm&r=g\",\"contentUrl\":\"https:\\\/\\\/secure.gravatar.com\\\/avatar\\\/1fc8990565dae517d933c62b6f7e11ac3d3423dc9f65f354fe0640e5fdd913af?s=96&d=mm&r=g\",\"caption\":\"carrier.julien\"},\"logo\":{\"@id\":\"https:\\\/\\\/secure.gravatar.com\\\/avatar\\\/1fc8990565dae517d933c62b6f7e11ac3d3423dc9f65f354fe0640e5fdd913af?s=96&d=mm&r=g\"},\"description\":\"I am a postdoctoral fellow at the Universit\u00e9 du Qu\u00e9bec \u00e0 Montr\u00e9al. I did my PhD at the University of Toronto.\",\"sameAs\":[\"https:\\\/\\\/juliencarrier.com\",\"https:\\\/\\\/www.facebook.com\\\/profile.php?id=100005716321172\"]}]}<\/script>\n<!-- \/ Yoast SEO plugin. -->","yoast_head_json":{"title":"CV - Julien Carrier","robots":{"index":"index","follow":"follow","max-snippet":"max-snippet:-1","max-image-preview":"max-image-preview:large","max-video-preview":"max-video-preview:-1"},"canonical":"https:\/\/juliencarrier.com\/fr\/cv-julien-carrier\/","og_locale":"fr_FR","og_type":"article","og_title":"CV - Julien Carrier","og_description":"Here is my cv: Curriculum Vitae_Julien Carrier","og_url":"https:\/\/juliencarrier.com\/fr\/cv-julien-carrier\/","og_site_name":"Julien Carrier","article_publisher":"https:\/\/www.facebook.com\/profile.php?id=100005716321172","article_modified_time":"2024-08-20T01:20:43+00:00","twitter_card":"summary_large_image","twitter_misc":{"Dur\u00e9e de lecture estim\u00e9e":"1 minute"},"schema":{"@context":"https:\/\/schema.org","@graph":[{"@type":"WebPage","@id":"https:\/\/juliencarrier.com\/cv-julien-carrier\/","url":"https:\/\/juliencarrier.com\/cv-julien-carrier\/","name":"CV - Julien Carrier","isPartOf":{"@id":"https:\/\/juliencarrier.com\/#website"},"datePublished":"2021-10-21T16:58:30+00:00","dateModified":"2024-08-20T01:20:43+00:00","breadcrumb":{"@id":"https:\/\/juliencarrier.com\/cv-julien-carrier\/#breadcrumb"},"inLanguage":"fr-FR","potentialAction":[{"@type":"ReadAction","target":["https:\/\/juliencarrier.com\/cv-julien-carrier\/"]}]},{"@type":"BreadcrumbList","@id":"https:\/\/juliencarrier.com\/cv-julien-carrier\/#breadcrumb","itemListElement":[{"@type":"ListItem","position":1,"name":"Home","item":"https:\/\/juliencarrier.com\/"},{"@type":"ListItem","position":2,"name":"CV"}]},{"@type":"WebSite","@id":"https:\/\/juliencarrier.com\/#website","url":"https:\/\/juliencarrier.com\/","name":"Julien Carrier","description":"Professeur adjoint @ Universit\u00e9 du Kentucky","publisher":{"@id":"https:\/\/juliencarrier.com\/#\/schema\/person\/d7c3510775020c6a1268db7d281a6777"},"potentialAction":[{"@type":"SearchAction","target":{"@type":"EntryPoint","urlTemplate":"https:\/\/juliencarrier.com\/?s={search_term_string}"},"query-input":{"@type":"PropertyValueSpecification","valueRequired":true,"valueName":"search_term_string"}}],"inLanguage":"fr-FR"},{"@type":["Person","Organization"],"@id":"https:\/\/juliencarrier.com\/#\/schema\/person\/d7c3510775020c6a1268db7d281a6777","name":"carrier.julien","image":{"@type":"ImageObject","inLanguage":"fr-FR","@id":"https:\/\/secure.gravatar.com\/avatar\/1fc8990565dae517d933c62b6f7e11ac3d3423dc9f65f354fe0640e5fdd913af?s=96&d=mm&r=g","url":"https:\/\/secure.gravatar.com\/avatar\/1fc8990565dae517d933c62b6f7e11ac3d3423dc9f65f354fe0640e5fdd913af?s=96&d=mm&r=g","contentUrl":"https:\/\/secure.gravatar.com\/avatar\/1fc8990565dae517d933c62b6f7e11ac3d3423dc9f65f354fe0640e5fdd913af?s=96&d=mm&r=g","caption":"carrier.julien"},"logo":{"@id":"https:\/\/secure.gravatar.com\/avatar\/1fc8990565dae517d933c62b6f7e11ac3d3423dc9f65f354fe0640e5fdd913af?s=96&d=mm&r=g"},"description":"I am a postdoctoral fellow at the Universit\u00e9 du Qu\u00e9bec \u00e0 Montr\u00e9al. I did my PhD at the University of Toronto.","sameAs":["https:\/\/juliencarrier.com","https:\/\/www.facebook.com\/profile.php?id=100005716321172"]}]}},"jetpack_sharing_enabled":true,"_links":{"self":[{"href":"https:\/\/juliencarrier.com\/fr\/wp-json\/wp\/v2\/pages\/47","targetHints":{"allow":["GET"]}}],"collection":[{"href":"https:\/\/juliencarrier.com\/fr\/wp-json\/wp\/v2\/pages"}],"about":[{"href":"https:\/\/juliencarrier.com\/fr\/wp-json\/wp\/v2\/types\/page"}],"author":[{"embeddable":true,"href":"https:\/\/juliencarrier.com\/fr\/wp-json\/wp\/v2\/users\/1"}],"replies":[{"embeddable":true,"href":"https:\/\/juliencarrier.com\/fr\/wp-json\/wp\/v2\/comments?post=47"}],"version-history":[{"count":5,"href":"https:\/\/juliencarrier.com\/fr\/wp-json\/wp\/v2\/pages\/47\/revisions"}],"predecessor-version":[{"id":680,"href":"https:\/\/juliencarrier.com\/fr\/wp-json\/wp\/v2\/pages\/47\/revisions\/680"}],"wp:attachment":[{"href":"https:\/\/juliencarrier.com\/fr\/wp-json\/wp\/v2\/media?parent=47"}],"curies":[{"name":"wp","href":"https:\/\/api.w.org\/{rel}","templated":true}]}}