{"id":27,"date":"2021-10-21T16:43:04","date_gmt":"2021-10-21T16:43:04","guid":{"rendered":"https:\/\/juliencarrier.com\/?page_id=27"},"modified":"2023-12-09T00:24:06","modified_gmt":"2023-12-09T00:24:06","slug":"teaching-julien-carrier","status":"publish","type":"page","link":"https:\/\/juliencarrier.com\/fr\/teaching-julien-carrier\/","title":{"rendered":"Enseignement"},"content":{"rendered":"<p class=\"has-text-align-justify\">Je suis particuli\u00e8rement int\u00e9ress\u00e9 \u00e0 enseigner les cours li\u00e9s \u00e0 la syntaxe, \u00e0 la morphologie, \u00e0 la sociolinguistique variationniste, aux m\u00e9thodes statistiques, au travail sur le terrain, \u00e0 la typologie linguistique et aux langues aborig\u00e8nes. J'ai de l'exp\u00e9rience en enseignement de plusieurs cours de linguistique. Voyez ci-dessous la liste de cours que j'ai donn\u00e9s en tant que charg\u00e9 de cours. Pour la liste compl\u00e8te de mes exp\u00e9riences en enseignement, veuillez consulter mon <a href=\"https:\/\/juliencarrier.com\/fr\/?page_id=47\" target=\"_blank\" rel=\"noreferrer noopener\">CV<\/a>. <\/p>\n\n\n\n<hr class=\"is-style-wide wp-block-separator has-text-color has-blue-color has-css-opacity has-blue-background-color has-background\"\/>\n\n\n\n<p class=\"\"><strong>Universit\u00e9 Queen's (2023-Pr\u00e9sent)<\/strong><\/p>\n\n\n\n<ul class=\"wp-block-list\">\n<li class=\"\">Syntax (LING340)<\/li>\n\n\n\n<li class=\"\">Semantics (LING415)<\/li>\n\n\n\n<li class=\"\">Phonology (LING320)<\/li>\n\n\n\n<li class=\"\">Introduction to Linguistics (LING100)<\/li>\n<\/ul>\n\n\n\n<p class=\"\"><strong>Universit\u00e9 Carleton (2022-2023)<\/strong><\/p>\n\n\n\n<ul class=\"wp-block-list\">\n<li class=\"\">Syntax I (LING3004)<\/li>\n\n\n\n<li class=\"\">Morphology I (LING3005)<\/li>\n<\/ul>\n\n\n\n<p class=\"has-dark-gray-color has-text-color\"><strong>Universit\u00e9 de Toronto (2016-2021)<\/strong><\/p>\n\n\n\n<ul class=\"wp-block-list\">\n<li class=\"\">Introduction to Sociolinguistics (LIN251)<\/li>\n\n\n\n<li class=\"\">Introduction to Linguistics: Sentence Structure and Meaning (LIN102)<\/li>\n<\/ul>","protected":false},"excerpt":{"rendered":"<p>I am particularly interested in teaching courses related to syntax, morphology, variationist sociolinguistics, statistical methods, fieldwork methods, linguistic typology and aboriginal languages. I also have teaching experience in several linguistics<a href=\"https:\/\/juliencarrier.com\/fr\/teaching-julien-carrier\/\" class=\"more-link\"><span class=\"more-button\">Continue reading<span class=\"screen-reader-text\">Enseignement<\/span><\/span><\/a><\/p>","protected":false},"author":1,"featured_media":0,"parent":0,"menu_order":0,"comment_status":"closed","ping_status":"closed","template":"","meta":{"nf_dc_page":"","om_disable_all_campaigns":false,"_monsterinsights_skip_tracking":false,"_monsterinsights_sitenote_active":false,"_monsterinsights_sitenote_note":"","_monsterinsights_sitenote_category":0,"footnotes":""},"class_list":["post-27","page","type-page","status-publish","hentry"],"yoast_head":"<!-- This site is optimized with the Yoast SEO plugin v27.4 - https:\/\/yoast.com\/product\/yoast-seo-wordpress\/ -->\n<title>Teaching - Julien Carrier<\/title>\n<meta name=\"robots\" content=\"index, follow, max-snippet:-1, max-image-preview:large, max-video-preview:-1\" \/>\n<link rel=\"canonical\" href=\"https:\/\/juliencarrier.com\/fr\/teaching-julien-carrier\/\" \/>\n<meta property=\"og:locale\" content=\"fr_FR\" \/>\n<meta property=\"og:type\" content=\"article\" \/>\n<meta property=\"og:title\" content=\"Teaching - Julien Carrier\" \/>\n<meta property=\"og:description\" content=\"I am particularly interested in teaching courses related to syntax, morphology, variationist sociolinguistics, statistical methods, fieldwork methods, linguistic typology and aboriginal languages. I also have teaching experience in several linguisticsContinue readingTeaching\" \/>\n<meta property=\"og:url\" content=\"https:\/\/juliencarrier.com\/fr\/teaching-julien-carrier\/\" \/>\n<meta property=\"og:site_name\" content=\"Julien Carrier\" \/>\n<meta property=\"article:publisher\" content=\"https:\/\/www.facebook.com\/profile.php?id=100005716321172\" \/>\n<meta property=\"article:modified_time\" content=\"2023-12-09T00:24:06+00:00\" \/>\n<meta name=\"twitter:card\" content=\"summary_large_image\" \/>\n<meta name=\"twitter:label1\" content=\"Dur\u00e9e de lecture estim\u00e9e\" \/>\n\t<meta name=\"twitter:data1\" content=\"1 minute\" \/>\n<script type=\"application\/ld+json\" class=\"yoast-schema-graph\">{\"@context\":\"https:\\\/\\\/schema.org\",\"@graph\":[{\"@type\":\"WebPage\",\"@id\":\"https:\\\/\\\/juliencarrier.com\\\/teaching-julien-carrier\\\/\",\"url\":\"https:\\\/\\\/juliencarrier.com\\\/teaching-julien-carrier\\\/\",\"name\":\"Teaching - Julien Carrier\",\"isPartOf\":{\"@id\":\"https:\\\/\\\/juliencarrier.com\\\/#website\"},\"datePublished\":\"2021-10-21T16:43:04+00:00\",\"dateModified\":\"2023-12-09T00:24:06+00:00\",\"breadcrumb\":{\"@id\":\"https:\\\/\\\/juliencarrier.com\\\/teaching-julien-carrier\\\/#breadcrumb\"},\"inLanguage\":\"fr-FR\",\"potentialAction\":[{\"@type\":\"ReadAction\",\"target\":[\"https:\\\/\\\/juliencarrier.com\\\/teaching-julien-carrier\\\/\"]}]},{\"@type\":\"BreadcrumbList\",\"@id\":\"https:\\\/\\\/juliencarrier.com\\\/teaching-julien-carrier\\\/#breadcrumb\",\"itemListElement\":[{\"@type\":\"ListItem\",\"position\":1,\"name\":\"Home\",\"item\":\"https:\\\/\\\/juliencarrier.com\\\/\"},{\"@type\":\"ListItem\",\"position\":2,\"name\":\"Teaching\"}]},{\"@type\":\"WebSite\",\"@id\":\"https:\\\/\\\/juliencarrier.com\\\/#website\",\"url\":\"https:\\\/\\\/juliencarrier.com\\\/\",\"name\":\"Julien Carrier\",\"description\":\"Assistant Professor @ University of Kentucky\",\"publisher\":{\"@id\":\"https:\\\/\\\/juliencarrier.com\\\/#\\\/schema\\\/person\\\/d7c3510775020c6a1268db7d281a6777\"},\"potentialAction\":[{\"@type\":\"SearchAction\",\"target\":{\"@type\":\"EntryPoint\",\"urlTemplate\":\"https:\\\/\\\/juliencarrier.com\\\/?s={search_term_string}\"},\"query-input\":{\"@type\":\"PropertyValueSpecification\",\"valueRequired\":true,\"valueName\":\"search_term_string\"}}],\"inLanguage\":\"fr-FR\"},{\"@type\":[\"Person\",\"Organization\"],\"@id\":\"https:\\\/\\\/juliencarrier.com\\\/#\\\/schema\\\/person\\\/d7c3510775020c6a1268db7d281a6777\",\"name\":\"carrier.julien\",\"image\":{\"@type\":\"ImageObject\",\"inLanguage\":\"fr-FR\",\"@id\":\"https:\\\/\\\/secure.gravatar.com\\\/avatar\\\/1fc8990565dae517d933c62b6f7e11ac3d3423dc9f65f354fe0640e5fdd913af?s=96&d=mm&r=g\",\"url\":\"https:\\\/\\\/secure.gravatar.com\\\/avatar\\\/1fc8990565dae517d933c62b6f7e11ac3d3423dc9f65f354fe0640e5fdd913af?s=96&d=mm&r=g\",\"contentUrl\":\"https:\\\/\\\/secure.gravatar.com\\\/avatar\\\/1fc8990565dae517d933c62b6f7e11ac3d3423dc9f65f354fe0640e5fdd913af?s=96&d=mm&r=g\",\"caption\":\"carrier.julien\"},\"logo\":{\"@id\":\"https:\\\/\\\/secure.gravatar.com\\\/avatar\\\/1fc8990565dae517d933c62b6f7e11ac3d3423dc9f65f354fe0640e5fdd913af?s=96&d=mm&r=g\"},\"description\":\"I am a postdoctoral fellow at the Universit\u00e9 du Qu\u00e9bec \u00e0 Montr\u00e9al. I did my PhD at the University of Toronto.\",\"sameAs\":[\"https:\\\/\\\/juliencarrier.com\",\"https:\\\/\\\/www.facebook.com\\\/profile.php?id=100005716321172\"]}]}<\/script>\n<!-- \/ Yoast SEO plugin. -->","yoast_head_json":{"title":"Teaching - Julien Carrier","robots":{"index":"index","follow":"follow","max-snippet":"max-snippet:-1","max-image-preview":"max-image-preview:large","max-video-preview":"max-video-preview:-1"},"canonical":"https:\/\/juliencarrier.com\/fr\/teaching-julien-carrier\/","og_locale":"fr_FR","og_type":"article","og_title":"Teaching - Julien Carrier","og_description":"I am particularly interested in teaching courses related to syntax, morphology, variationist sociolinguistics, statistical methods, fieldwork methods, linguistic typology and aboriginal languages. I also have teaching experience in several linguisticsContinue readingTeaching","og_url":"https:\/\/juliencarrier.com\/fr\/teaching-julien-carrier\/","og_site_name":"Julien Carrier","article_publisher":"https:\/\/www.facebook.com\/profile.php?id=100005716321172","article_modified_time":"2023-12-09T00:24:06+00:00","twitter_card":"summary_large_image","twitter_misc":{"Dur\u00e9e de lecture estim\u00e9e":"1 minute"},"schema":{"@context":"https:\/\/schema.org","@graph":[{"@type":"WebPage","@id":"https:\/\/juliencarrier.com\/teaching-julien-carrier\/","url":"https:\/\/juliencarrier.com\/teaching-julien-carrier\/","name":"Teaching - Julien Carrier","isPartOf":{"@id":"https:\/\/juliencarrier.com\/#website"},"datePublished":"2021-10-21T16:43:04+00:00","dateModified":"2023-12-09T00:24:06+00:00","breadcrumb":{"@id":"https:\/\/juliencarrier.com\/teaching-julien-carrier\/#breadcrumb"},"inLanguage":"fr-FR","potentialAction":[{"@type":"ReadAction","target":["https:\/\/juliencarrier.com\/teaching-julien-carrier\/"]}]},{"@type":"BreadcrumbList","@id":"https:\/\/juliencarrier.com\/teaching-julien-carrier\/#breadcrumb","itemListElement":[{"@type":"ListItem","position":1,"name":"Home","item":"https:\/\/juliencarrier.com\/"},{"@type":"ListItem","position":2,"name":"Teaching"}]},{"@type":"WebSite","@id":"https:\/\/juliencarrier.com\/#website","url":"https:\/\/juliencarrier.com\/","name":"Julien Carrier","description":"Professeur adjoint @ Universit\u00e9 du Kentucky","publisher":{"@id":"https:\/\/juliencarrier.com\/#\/schema\/person\/d7c3510775020c6a1268db7d281a6777"},"potentialAction":[{"@type":"SearchAction","target":{"@type":"EntryPoint","urlTemplate":"https:\/\/juliencarrier.com\/?s={search_term_string}"},"query-input":{"@type":"PropertyValueSpecification","valueRequired":true,"valueName":"search_term_string"}}],"inLanguage":"fr-FR"},{"@type":["Person","Organization"],"@id":"https:\/\/juliencarrier.com\/#\/schema\/person\/d7c3510775020c6a1268db7d281a6777","name":"carrier.julien","image":{"@type":"ImageObject","inLanguage":"fr-FR","@id":"https:\/\/secure.gravatar.com\/avatar\/1fc8990565dae517d933c62b6f7e11ac3d3423dc9f65f354fe0640e5fdd913af?s=96&d=mm&r=g","url":"https:\/\/secure.gravatar.com\/avatar\/1fc8990565dae517d933c62b6f7e11ac3d3423dc9f65f354fe0640e5fdd913af?s=96&d=mm&r=g","contentUrl":"https:\/\/secure.gravatar.com\/avatar\/1fc8990565dae517d933c62b6f7e11ac3d3423dc9f65f354fe0640e5fdd913af?s=96&d=mm&r=g","caption":"carrier.julien"},"logo":{"@id":"https:\/\/secure.gravatar.com\/avatar\/1fc8990565dae517d933c62b6f7e11ac3d3423dc9f65f354fe0640e5fdd913af?s=96&d=mm&r=g"},"description":"I am a postdoctoral fellow at the Universit\u00e9 du Qu\u00e9bec \u00e0 Montr\u00e9al. I did my PhD at the University of Toronto.","sameAs":["https:\/\/juliencarrier.com","https:\/\/www.facebook.com\/profile.php?id=100005716321172"]}]}},"jetpack_sharing_enabled":true,"_links":{"self":[{"href":"https:\/\/juliencarrier.com\/fr\/wp-json\/wp\/v2\/pages\/27","targetHints":{"allow":["GET"]}}],"collection":[{"href":"https:\/\/juliencarrier.com\/fr\/wp-json\/wp\/v2\/pages"}],"about":[{"href":"https:\/\/juliencarrier.com\/fr\/wp-json\/wp\/v2\/types\/page"}],"author":[{"embeddable":true,"href":"https:\/\/juliencarrier.com\/fr\/wp-json\/wp\/v2\/users\/1"}],"replies":[{"embeddable":true,"href":"https:\/\/juliencarrier.com\/fr\/wp-json\/wp\/v2\/comments?post=27"}],"version-history":[{"count":5,"href":"https:\/\/juliencarrier.com\/fr\/wp-json\/wp\/v2\/pages\/27\/revisions"}],"predecessor-version":[{"id":665,"href":"https:\/\/juliencarrier.com\/fr\/wp-json\/wp\/v2\/pages\/27\/revisions\/665"}],"wp:attachment":[{"href":"https:\/\/juliencarrier.com\/fr\/wp-json\/wp\/v2\/media?parent=27"}],"curies":[{"name":"wp","href":"https:\/\/api.w.org\/{rel}","templated":true}]}}