{"id":23,"date":"2021-10-21T16:42:32","date_gmt":"2021-10-21T16:42:32","guid":{"rendered":"https:\/\/juliencarrier.com\/?page_id=23"},"modified":"2023-12-09T02:16:40","modified_gmt":"2023-12-09T02:16:40","slug":"publications-julien-carrier","status":"publish","type":"page","link":"https:\/\/juliencarrier.com\/fr\/publications-julien-carrier\/","title":{"rendered":"Publications"},"content":{"rendered":"<p class=\"\"><strong>Articles scientifiques \u00e9valu\u00e9s par un comit\u00e9 de lecture<\/strong><\/p>\n\n\n\n<p class=\"\">Carrier, Julien. (En pr\u00e9paration). Modelling free word order in Inuktitut.<\/p>\n\n\n\n<p class=\"\">Carrier, Julien &amp; Richard Compton. (Submitted). On the left periphery and absolutive case in Inuktitut. Proposed special issue of the <em>Canadian Journal of Linguistics<\/em>, to be edited by \u00c9ric Mathieu.<\/p>\n\n\n\n<p class=\"\">Carrier, Julien. (En r\u00e9vision). Topicality and referentiality in Inuktitut.<\/p>\n\n\n\n<p class=\"translation-block\">Carrier, Julien. (2017). The ergative-antipassive alternation in Inuktitut: Analyzed in a case of new-dialect formation. Revue canadienne de linguistique, 62(4): 661-684. <a href=\"https:\/\/doi.org\/10.1017\/cnj.2017.33\" data-wpel-link=\"external\" rel=\"external noopener noreferrer\" target=\"_self\">https:\/\/doi.org\/10.1017\/cnj.2017.33<\/a><\/p>\n\n\n\n<p class=\"\"><strong>Chapitre d\u2019ouvrage collectif \u00e9valu\u00e9 par un comit\u00e9 de lecture<\/strong><\/p>\n\n\n\n<p class=\"\">Carrier, Julien. (En r\u00e9vision). Morphosyntactic variation across Inuit and Yup'ik languages. Dans A. Arnhold, N. Trondhjem and A. Berge (\u00e9ds), The Unangan, Yupik and Inuit Languages. Oxford University Press. <em>The Unangan, Yupik and Inuit Languages. <\/em>Oxford University Press.<\/p>\n\n\n\n<p class=\"\">Carrier, Julien. (Accept\u00e9). Variation in Inuktitut. Dans Y. Asahi, A. D\u2019Arcy et P. Kerswill (\u00e9ds.), Routledge Handbook of Variationist Sociolinguistics. <em>Routledge Handbook of Variationist Sociolinguistics.<\/em><\/p>\n\n\n\n<p class=\"\"><meta charset=\"utf-8\"><strong>Th\u00e8se de doctorat<\/strong><\/p>\n\n\n\n<p class=\"\"><meta charset=\"utf-8\">Carrier, Julien. (2021). Ergativity on the move. Th\u00e8se de doctorat, Universit\u00e9 de Toronto. <a href=\"http:\/\/hdl.handle.net\/1807\/106393\">http:\/\/hdl.handle.net\/1807\/106393<\/a><\/p>\n\n\n\n<p class=\"\"><meta charset=\"utf-8\"><strong>M\u00e9moire de ma\u00eetrise<\/strong><\/p>\n\n\n\n<p class=\"\"><meta charset=\"utf-8\">Carrier, Julien. (2012). L\u2019expression de la transitivit\u00e9 en Itivimiut. M\u00e9moire de ma\u00eetrise, Universit\u00e9 du Qu\u00e9bec \u00e0 Montr\u00e9al. <a href=\"https:\/\/archipel.uqam.ca\/5064\/1\/M12622.pdf\">https:\/\/archipel.uqam.ca\/5064\/1\/M12622.pdf<\/a><\/p>\n\n\n\n<p class=\"\"><strong>Actes de colloques \u00e9valu\u00e9s par un comit\u00e9 de lecture<\/strong><\/p>\n\n\n\n<p class=\"translation-block\">Carrier, Julien. (2023). Neutral and non-neutral word orders in Inuktitut. Dans A. Li et G. Hildebrandt (\u00e9ds), Pr\u00e9sentation retenue de NWAV 50. University of Pennsylvania Working Papers in Linguistics.<\/p>\n\n\n\n<p class=\"\">Carrier, Julien. (2012). La perte de la marque casuelle ergative en itivimiut. Dans L.-A. Francoeur et N. Woll (\u00e9ds),<em> Les Actes du colloque des XXVIes journ\u00e9es de linguistique<\/em>, (p.49-68). Qu\u00e9bec : Presses de l\u2019Universit\u00e9 Laval. <a href=\"http:\/\/jdl.lli.ulaval.ca\/documents\/actes\/actes_2012.pdf\">http:\/\/jdl.lli.ulaval.ca\/documents\/actes\/actes_2012.pdf<\/a> <\/p>\n\n\n\n<p class=\"\">Carrier, Julien. (2011). La variation dans l\u2019interpr\u00e9tation s\u00e9mantique des verbes transitifs en inuktitut dans les constructions intransitives. Dans M. Lambert et M.-F. S\u00e9n\u00e9chal (\u00e9ds), <em>Les Actes du colloque des XXVes journ\u00e9es de linguistique<\/em>, (p.129-142). Qu\u00e9bec : Presses de l\u2019Universit\u00e9 Laval. <a href=\"http:\/\/jdl.lli.ulaval.ca\/documents\/actes\/actes_2011.pdf#page=135\"><\/a><a href=\"http:\/\/jdl.lli.ulaval.ca\/documents\/actes\/actes_2011.pdf\">http:\/\/jdl.lli.ulaval.ca\/documents\/actes\/actes_2011.pdf<\/a><\/p>","protected":false},"excerpt":{"rendered":"<p>Peer-reviewed articles Carrier, Julien. (In preparation). Modelling free word order in Inuktitut. Carrier, Julien &amp; Richard Compton. (Submitted). On the left periphery and absolutive case in Inuktitut. Proposed special issue<a href=\"https:\/\/juliencarrier.com\/fr\/publications-julien-carrier\/\" class=\"more-link\"><span class=\"more-button\">Continue reading<span class=\"screen-reader-text\">Publications<\/span><\/span><\/a><\/p>","protected":false},"author":1,"featured_media":0,"parent":0,"menu_order":0,"comment_status":"closed","ping_status":"closed","template":"","meta":{"nf_dc_page":"","om_disable_all_campaigns":false,"_monsterinsights_skip_tracking":false,"_monsterinsights_sitenote_active":false,"_monsterinsights_sitenote_note":"","_monsterinsights_sitenote_category":0,"footnotes":""},"class_list":["post-23","page","type-page","status-publish","hentry"],"yoast_head":"<!-- This site is optimized with the Yoast SEO plugin v27.4 - https:\/\/yoast.com\/product\/yoast-seo-wordpress\/ -->\n<title>Publications - Julien Carrier<\/title>\n<meta name=\"robots\" content=\"index, follow, max-snippet:-1, max-image-preview:large, max-video-preview:-1\" \/>\n<link rel=\"canonical\" href=\"https:\/\/juliencarrier.com\/fr\/publications-julien-carrier\/\" \/>\n<meta property=\"og:locale\" content=\"fr_FR\" \/>\n<meta property=\"og:type\" content=\"article\" \/>\n<meta property=\"og:title\" content=\"Publications - Julien Carrier\" \/>\n<meta property=\"og:description\" content=\"Peer-reviewed articles Carrier, Julien. (In preparation). Modelling free word order in Inuktitut. Carrier, Julien &amp; Richard Compton. (Submitted). On the left periphery and absolutive case in Inuktitut. Proposed special issueContinue readingPublications\" \/>\n<meta property=\"og:url\" content=\"https:\/\/juliencarrier.com\/fr\/publications-julien-carrier\/\" \/>\n<meta property=\"og:site_name\" content=\"Julien Carrier\" \/>\n<meta property=\"article:publisher\" content=\"https:\/\/www.facebook.com\/profile.php?id=100005716321172\" \/>\n<meta property=\"article:modified_time\" content=\"2023-12-09T02:16:40+00:00\" \/>\n<meta name=\"twitter:card\" content=\"summary_large_image\" \/>\n<meta name=\"twitter:label1\" content=\"Dur\u00e9e de lecture estim\u00e9e\" \/>\n\t<meta name=\"twitter:data1\" content=\"2 minutes\" \/>\n<script type=\"application\/ld+json\" class=\"yoast-schema-graph\">{\"@context\":\"https:\\\/\\\/schema.org\",\"@graph\":[{\"@type\":\"WebPage\",\"@id\":\"https:\\\/\\\/juliencarrier.com\\\/publications-julien-carrier\\\/\",\"url\":\"https:\\\/\\\/juliencarrier.com\\\/publications-julien-carrier\\\/\",\"name\":\"Publications - Julien Carrier\",\"isPartOf\":{\"@id\":\"https:\\\/\\\/juliencarrier.com\\\/#website\"},\"datePublished\":\"2021-10-21T16:42:32+00:00\",\"dateModified\":\"2023-12-09T02:16:40+00:00\",\"breadcrumb\":{\"@id\":\"https:\\\/\\\/juliencarrier.com\\\/publications-julien-carrier\\\/#breadcrumb\"},\"inLanguage\":\"fr-FR\",\"potentialAction\":[{\"@type\":\"ReadAction\",\"target\":[\"https:\\\/\\\/juliencarrier.com\\\/publications-julien-carrier\\\/\"]}]},{\"@type\":\"BreadcrumbList\",\"@id\":\"https:\\\/\\\/juliencarrier.com\\\/publications-julien-carrier\\\/#breadcrumb\",\"itemListElement\":[{\"@type\":\"ListItem\",\"position\":1,\"name\":\"Home\",\"item\":\"https:\\\/\\\/juliencarrier.com\\\/\"},{\"@type\":\"ListItem\",\"position\":2,\"name\":\"Publications\"}]},{\"@type\":\"WebSite\",\"@id\":\"https:\\\/\\\/juliencarrier.com\\\/#website\",\"url\":\"https:\\\/\\\/juliencarrier.com\\\/\",\"name\":\"Julien Carrier\",\"description\":\"Assistant Professor @ University of Kentucky\",\"publisher\":{\"@id\":\"https:\\\/\\\/juliencarrier.com\\\/#\\\/schema\\\/person\\\/d7c3510775020c6a1268db7d281a6777\"},\"potentialAction\":[{\"@type\":\"SearchAction\",\"target\":{\"@type\":\"EntryPoint\",\"urlTemplate\":\"https:\\\/\\\/juliencarrier.com\\\/?s={search_term_string}\"},\"query-input\":{\"@type\":\"PropertyValueSpecification\",\"valueRequired\":true,\"valueName\":\"search_term_string\"}}],\"inLanguage\":\"fr-FR\"},{\"@type\":[\"Person\",\"Organization\"],\"@id\":\"https:\\\/\\\/juliencarrier.com\\\/#\\\/schema\\\/person\\\/d7c3510775020c6a1268db7d281a6777\",\"name\":\"carrier.julien\",\"image\":{\"@type\":\"ImageObject\",\"inLanguage\":\"fr-FR\",\"@id\":\"https:\\\/\\\/secure.gravatar.com\\\/avatar\\\/1fc8990565dae517d933c62b6f7e11ac3d3423dc9f65f354fe0640e5fdd913af?s=96&d=mm&r=g\",\"url\":\"https:\\\/\\\/secure.gravatar.com\\\/avatar\\\/1fc8990565dae517d933c62b6f7e11ac3d3423dc9f65f354fe0640e5fdd913af?s=96&d=mm&r=g\",\"contentUrl\":\"https:\\\/\\\/secure.gravatar.com\\\/avatar\\\/1fc8990565dae517d933c62b6f7e11ac3d3423dc9f65f354fe0640e5fdd913af?s=96&d=mm&r=g\",\"caption\":\"carrier.julien\"},\"logo\":{\"@id\":\"https:\\\/\\\/secure.gravatar.com\\\/avatar\\\/1fc8990565dae517d933c62b6f7e11ac3d3423dc9f65f354fe0640e5fdd913af?s=96&d=mm&r=g\"},\"description\":\"I am a postdoctoral fellow at the Universit\u00e9 du Qu\u00e9bec \u00e0 Montr\u00e9al. I did my PhD at the University of Toronto.\",\"sameAs\":[\"https:\\\/\\\/juliencarrier.com\",\"https:\\\/\\\/www.facebook.com\\\/profile.php?id=100005716321172\"]}]}<\/script>\n<!-- \/ Yoast SEO plugin. -->","yoast_head_json":{"title":"Publications - Julien Carrier","robots":{"index":"index","follow":"follow","max-snippet":"max-snippet:-1","max-image-preview":"max-image-preview:large","max-video-preview":"max-video-preview:-1"},"canonical":"https:\/\/juliencarrier.com\/fr\/publications-julien-carrier\/","og_locale":"fr_FR","og_type":"article","og_title":"Publications - Julien Carrier","og_description":"Peer-reviewed articles Carrier, Julien. (In preparation). Modelling free word order in Inuktitut. Carrier, Julien &amp; Richard Compton. (Submitted). On the left periphery and absolutive case in Inuktitut. Proposed special issueContinue readingPublications","og_url":"https:\/\/juliencarrier.com\/fr\/publications-julien-carrier\/","og_site_name":"Julien Carrier","article_publisher":"https:\/\/www.facebook.com\/profile.php?id=100005716321172","article_modified_time":"2023-12-09T02:16:40+00:00","twitter_card":"summary_large_image","twitter_misc":{"Dur\u00e9e de lecture estim\u00e9e":"2 minutes"},"schema":{"@context":"https:\/\/schema.org","@graph":[{"@type":"WebPage","@id":"https:\/\/juliencarrier.com\/publications-julien-carrier\/","url":"https:\/\/juliencarrier.com\/publications-julien-carrier\/","name":"Publications - Julien Carrier","isPartOf":{"@id":"https:\/\/juliencarrier.com\/#website"},"datePublished":"2021-10-21T16:42:32+00:00","dateModified":"2023-12-09T02:16:40+00:00","breadcrumb":{"@id":"https:\/\/juliencarrier.com\/publications-julien-carrier\/#breadcrumb"},"inLanguage":"fr-FR","potentialAction":[{"@type":"ReadAction","target":["https:\/\/juliencarrier.com\/publications-julien-carrier\/"]}]},{"@type":"BreadcrumbList","@id":"https:\/\/juliencarrier.com\/publications-julien-carrier\/#breadcrumb","itemListElement":[{"@type":"ListItem","position":1,"name":"Home","item":"https:\/\/juliencarrier.com\/"},{"@type":"ListItem","position":2,"name":"Publications"}]},{"@type":"WebSite","@id":"https:\/\/juliencarrier.com\/#website","url":"https:\/\/juliencarrier.com\/","name":"Julien Carrier","description":"Professeur adjoint @ Universit\u00e9 du Kentucky","publisher":{"@id":"https:\/\/juliencarrier.com\/#\/schema\/person\/d7c3510775020c6a1268db7d281a6777"},"potentialAction":[{"@type":"SearchAction","target":{"@type":"EntryPoint","urlTemplate":"https:\/\/juliencarrier.com\/?s={search_term_string}"},"query-input":{"@type":"PropertyValueSpecification","valueRequired":true,"valueName":"search_term_string"}}],"inLanguage":"fr-FR"},{"@type":["Person","Organization"],"@id":"https:\/\/juliencarrier.com\/#\/schema\/person\/d7c3510775020c6a1268db7d281a6777","name":"carrier.julien","image":{"@type":"ImageObject","inLanguage":"fr-FR","@id":"https:\/\/secure.gravatar.com\/avatar\/1fc8990565dae517d933c62b6f7e11ac3d3423dc9f65f354fe0640e5fdd913af?s=96&d=mm&r=g","url":"https:\/\/secure.gravatar.com\/avatar\/1fc8990565dae517d933c62b6f7e11ac3d3423dc9f65f354fe0640e5fdd913af?s=96&d=mm&r=g","contentUrl":"https:\/\/secure.gravatar.com\/avatar\/1fc8990565dae517d933c62b6f7e11ac3d3423dc9f65f354fe0640e5fdd913af?s=96&d=mm&r=g","caption":"carrier.julien"},"logo":{"@id":"https:\/\/secure.gravatar.com\/avatar\/1fc8990565dae517d933c62b6f7e11ac3d3423dc9f65f354fe0640e5fdd913af?s=96&d=mm&r=g"},"description":"I am a postdoctoral fellow at the Universit\u00e9 du Qu\u00e9bec \u00e0 Montr\u00e9al. I did my PhD at the University of Toronto.","sameAs":["https:\/\/juliencarrier.com","https:\/\/www.facebook.com\/profile.php?id=100005716321172"]}]}},"jetpack_sharing_enabled":true,"_links":{"self":[{"href":"https:\/\/juliencarrier.com\/fr\/wp-json\/wp\/v2\/pages\/23","targetHints":{"allow":["GET"]}}],"collection":[{"href":"https:\/\/juliencarrier.com\/fr\/wp-json\/wp\/v2\/pages"}],"about":[{"href":"https:\/\/juliencarrier.com\/fr\/wp-json\/wp\/v2\/types\/page"}],"author":[{"embeddable":true,"href":"https:\/\/juliencarrier.com\/fr\/wp-json\/wp\/v2\/users\/1"}],"replies":[{"embeddable":true,"href":"https:\/\/juliencarrier.com\/fr\/wp-json\/wp\/v2\/comments?post=23"}],"version-history":[{"count":4,"href":"https:\/\/juliencarrier.com\/fr\/wp-json\/wp\/v2\/pages\/23\/revisions"}],"predecessor-version":[{"id":670,"href":"https:\/\/juliencarrier.com\/fr\/wp-json\/wp\/v2\/pages\/23\/revisions\/670"}],"wp:attachment":[{"href":"https:\/\/juliencarrier.com\/fr\/wp-json\/wp\/v2\/media?parent=23"}],"curies":[{"name":"wp","href":"https:\/\/api.w.org\/{rel}","templated":true}]}}