{"id":19,"date":"2021-10-21T16:41:52","date_gmt":"2021-10-21T16:41:52","guid":{"rendered":"https:\/\/juliencarrier.com\/?page_id=19"},"modified":"2024-08-20T02:22:50","modified_gmt":"2024-08-20T02:22:50","slug":"julien-carrier","status":"publish","type":"page","link":"https:\/\/juliencarrier.com\/fr\/","title":{"rendered":"Accueil"},"content":{"rendered":"<div class=\"wp-block-columns is-layout-flex wp-container-core-columns-is-layout-9d6595d7 wp-block-columns-is-layout-flex\">\n<div class=\"wp-block-column is-layout-flow wp-block-column-is-layout-flow\">\n<figure class=\"is-style-twentytwentyone-image-frame wp-block-image size-large\"><img data-recalc-dims=\"1\" loading=\"lazy\" decoding=\"async\" width=\"768\" height=\"1024\" src=\"https:\/\/i0.wp.com\/juliencarrier.com\/wp-content\/uploads\/2021\/10\/Me.jpg?resize=768%2C1024&#038;ssl=1\" alt=\"Julien Carrier\" class=\"wp-image-12\" srcset=\"https:\/\/i0.wp.com\/juliencarrier.com\/wp-content\/uploads\/2021\/10\/Me.jpg?resize=768%2C1024&amp;ssl=1 768w, https:\/\/i0.wp.com\/juliencarrier.com\/wp-content\/uploads\/2021\/10\/Me.jpg?resize=225%2C300&amp;ssl=1 225w, https:\/\/i0.wp.com\/juliencarrier.com\/wp-content\/uploads\/2021\/10\/Me.jpg?resize=360%2C480&amp;ssl=1 360w, https:\/\/i0.wp.com\/juliencarrier.com\/wp-content\/uploads\/2021\/10\/Me.jpg?resize=75%2C100&amp;ssl=1 75w, https:\/\/i0.wp.com\/juliencarrier.com\/wp-content\/uploads\/2021\/10\/Me.jpg?w=960&amp;ssl=1 960w\" sizes=\"auto, (max-width: 768px) 100vw, 768px\" \/><figcaption class=\"wp-element-caption\"><mark style=\"background-color:rgba(0, 0, 0, 0)\" class=\"has-inline-color has-white-color\">Julien Carrier, Julien Carrier<\/mark><\/figcaption><\/figure>\n\n\n\n<p class=\"\"><\/p>\n<\/div>\n\n\n\n<div class=\"wp-block-column is-layout-flow wp-block-column-is-layout-flow\">\n<p class=\"has-text-align-justify\">Je suis Professeur Adjoint au <a href=\"https:\/\/linguistics.as.uky.edu\">D\u00e9partement de Linguistique \u00e0 l'Universit\u00e9 du Kentucky<\/a>. J'ai un doctorat en linguistique de l'Universit\u00e9 de Toronto. Mes domaines d'\u00e9tude principaux sont la syntaxe formelle et la sociolinguistique variationniste; et j'emploie des m\u00e9thodes quantitatives et des donn\u00e9es dites naturelles provenant de mes travaux de terrain afin de r\u00e9aliser mes analyses. Mes recherches portent principalement sur la langue inuite, et plus particuli\u00e8rement sur les dialectes de l'inuktitut. Le fran\u00e7ais est ma langue maternelle, et je parle aussi l'anglais couramment.<\/p>\n\n\n\n<p class=\"m0\">Some linguistic phenomena that I have worked on include:<\/p>\n\n\n\n<ul class=\"wp-block-list\">\n<li class=\"\">Changement d'alignement morphosyntaxique<\/li>\n\n\n\n<li class=\"\">Ordre des mots<\/li>\n\n\n\n<li class=\"\">La formation d'un nouveau dialect<\/li>\n\n\n\n<li class=\"\">Topicalit\u00e9 et la p\u00e9riph\u00e9rie gauche<\/li>\n\n\n\n<li class=\"\">La r\u00e9f\u00e9rence des noms nus<\/li>\n<\/ul>\n\n\n\n<p class=\"has-text-align-justify translation-block\">Si vous souhaitez conna\u00eetre la r\u00e9f\u00e9rence d'une de mes publications, consultez la page <a href=\"https:\/\/juliencarrier.com\/fr\/?page_id=23\" data-wpel-link=\"internal\" target=\"_self\">Publications<\/a>. Pour voir la liste des cours de linguistique que j'ai enseign\u00e9s en tant que professeur principal, voir la page <a href=\"https:\/\/juliencarrier.com\/fr\/?page_id=27\" data-wpel-link=\"internal\" target=\"_self\">Teaching<\/a>. Vous pouvez t\u00e9l\u00e9charger mon CV \u00e0 la page <a href=\"https:\/\/juliencarrier.com\/fr\/?page_id=47\" data-wpel-link=\"internal\" target=\"_self\">CV<\/a>. Enfin, si vous souhaitez me contacter, consultez la page <a href=\"https:\/\/juliencarrier.com\/fr\/?page_id=29\" data-wpel-link=\"internal\" target=\"_self\">Contact<\/a>.<\/p>\n<\/div>\n<\/div>","protected":false},"excerpt":{"rendered":"<p>I am Assistant Professor in the Department of Linguistics at the University of Kentucky. I hold a PhD in Linguistics from the University of Toronto. My two main areas of<a href=\"https:\/\/juliencarrier.com\/fr\/\" class=\"more-link\"><span class=\"more-button\">Continue reading<span class=\"screen-reader-text\">Accueil<\/span><\/span><\/a><\/p>","protected":false},"author":1,"featured_media":0,"parent":0,"menu_order":0,"comment_status":"closed","ping_status":"closed","template":"","meta":{"nf_dc_page":"","om_disable_all_campaigns":false,"_monsterinsights_skip_tracking":false,"_monsterinsights_sitenote_active":false,"_monsterinsights_sitenote_note":"","_monsterinsights_sitenote_category":0,"footnotes":""},"class_list":["post-19","page","type-page","status-publish","hentry"],"yoast_head":"<!-- This site is optimized with the Yoast SEO plugin v27.4 - https:\/\/yoast.com\/product\/yoast-seo-wordpress\/ -->\n<title>Julien Carrier<\/title>\n<meta name=\"description\" content=\"My name is Julien Carrier and I am a SSHRC postdoctoral fellow in the Department of Linguistics at the Universit\u00e9 du Qu\u00e9bec \u00e0 Montr\u00e9al.\" \/>\n<meta name=\"robots\" content=\"index, follow, max-snippet:-1, max-image-preview:large, max-video-preview:-1\" \/>\n<link rel=\"canonical\" href=\"https:\/\/juliencarrier.com\/fr\/\" \/>\n<meta property=\"og:locale\" content=\"fr_FR\" \/>\n<meta property=\"og:type\" content=\"article\" \/>\n<meta property=\"og:title\" content=\"Julien Carrier\" \/>\n<meta property=\"og:description\" content=\"My name is Julien Carrier and I am a SSHRC postdoctoral fellow in the Department of Linguistics at the Universit\u00e9 du Qu\u00e9bec \u00e0 Montr\u00e9al.\" \/>\n<meta property=\"og:url\" content=\"https:\/\/juliencarrier.com\/fr\/\" \/>\n<meta property=\"og:site_name\" content=\"Julien Carrier\" \/>\n<meta property=\"article:publisher\" content=\"https:\/\/www.facebook.com\/profile.php?id=100005716321172\" \/>\n<meta property=\"article:modified_time\" content=\"2024-08-20T02:22:50+00:00\" \/>\n<meta property=\"og:image\" content=\"https:\/\/juliencarrier.com\/wp-content\/uploads\/2021\/10\/Me-768x1024.jpg\" \/>\n<meta name=\"twitter:card\" content=\"summary_large_image\" \/>\n<meta name=\"twitter:label1\" content=\"Dur\u00e9e de lecture estim\u00e9e\" \/>\n\t<meta name=\"twitter:data1\" content=\"1 minute\" \/>\n<script type=\"application\/ld+json\" class=\"yoast-schema-graph\">{\"@context\":\"https:\\\/\\\/schema.org\",\"@graph\":[{\"@type\":[\"WebPage\",\"AboutPage\"],\"@id\":\"https:\\\/\\\/juliencarrier.com\\\/\",\"url\":\"https:\\\/\\\/juliencarrier.com\\\/\",\"name\":\"Julien Carrier\",\"isPartOf\":{\"@id\":\"https:\\\/\\\/juliencarrier.com\\\/#website\"},\"primaryImageOfPage\":{\"@id\":\"https:\\\/\\\/juliencarrier.com\\\/#primaryimage\"},\"image\":{\"@id\":\"https:\\\/\\\/juliencarrier.com\\\/#primaryimage\"},\"thumbnailUrl\":\"https:\\\/\\\/juliencarrier.com\\\/wp-content\\\/uploads\\\/2021\\\/10\\\/Me-768x1024.jpg\",\"datePublished\":\"2021-10-21T16:41:52+00:00\",\"dateModified\":\"2024-08-20T02:22:50+00:00\",\"description\":\"My name is Julien Carrier and I am a SSHRC postdoctoral fellow in the Department of Linguistics at the Universit\u00e9 du Qu\u00e9bec \u00e0 Montr\u00e9al.\",\"breadcrumb\":{\"@id\":\"https:\\\/\\\/juliencarrier.com\\\/#breadcrumb\"},\"inLanguage\":\"fr-FR\",\"potentialAction\":[{\"@type\":\"ReadAction\",\"target\":[\"https:\\\/\\\/juliencarrier.com\\\/\"]}]},{\"@type\":\"ImageObject\",\"inLanguage\":\"fr-FR\",\"@id\":\"https:\\\/\\\/juliencarrier.com\\\/#primaryimage\",\"url\":\"https:\\\/\\\/juliencarrier.com\\\/wp-content\\\/uploads\\\/2021\\\/10\\\/Me-768x1024.jpg\",\"contentUrl\":\"https:\\\/\\\/juliencarrier.com\\\/wp-content\\\/uploads\\\/2021\\\/10\\\/Me-768x1024.jpg\"},{\"@type\":\"BreadcrumbList\",\"@id\":\"https:\\\/\\\/juliencarrier.com\\\/#breadcrumb\",\"itemListElement\":[{\"@type\":\"ListItem\",\"position\":1,\"name\":\"Home\",\"item\":\"https:\\\/\\\/juliencarrier.com\\\/\"},{\"@type\":\"ListItem\",\"position\":2,\"name\":\"Home\"}]},{\"@type\":\"WebSite\",\"@id\":\"https:\\\/\\\/juliencarrier.com\\\/#website\",\"url\":\"https:\\\/\\\/juliencarrier.com\\\/\",\"name\":\"Julien Carrier\",\"description\":\"Assistant Professor @ University of Kentucky\",\"publisher\":{\"@id\":\"https:\\\/\\\/juliencarrier.com\\\/#\\\/schema\\\/person\\\/d7c3510775020c6a1268db7d281a6777\"},\"potentialAction\":[{\"@type\":\"SearchAction\",\"target\":{\"@type\":\"EntryPoint\",\"urlTemplate\":\"https:\\\/\\\/juliencarrier.com\\\/?s={search_term_string}\"},\"query-input\":{\"@type\":\"PropertyValueSpecification\",\"valueRequired\":true,\"valueName\":\"search_term_string\"}}],\"inLanguage\":\"fr-FR\"},{\"@type\":[\"Person\",\"Organization\"],\"@id\":\"https:\\\/\\\/juliencarrier.com\\\/#\\\/schema\\\/person\\\/d7c3510775020c6a1268db7d281a6777\",\"name\":\"carrier.julien\",\"image\":{\"@type\":\"ImageObject\",\"inLanguage\":\"fr-FR\",\"@id\":\"https:\\\/\\\/secure.gravatar.com\\\/avatar\\\/1fc8990565dae517d933c62b6f7e11ac3d3423dc9f65f354fe0640e5fdd913af?s=96&d=mm&r=g\",\"url\":\"https:\\\/\\\/secure.gravatar.com\\\/avatar\\\/1fc8990565dae517d933c62b6f7e11ac3d3423dc9f65f354fe0640e5fdd913af?s=96&d=mm&r=g\",\"contentUrl\":\"https:\\\/\\\/secure.gravatar.com\\\/avatar\\\/1fc8990565dae517d933c62b6f7e11ac3d3423dc9f65f354fe0640e5fdd913af?s=96&d=mm&r=g\",\"caption\":\"carrier.julien\"},\"logo\":{\"@id\":\"https:\\\/\\\/secure.gravatar.com\\\/avatar\\\/1fc8990565dae517d933c62b6f7e11ac3d3423dc9f65f354fe0640e5fdd913af?s=96&d=mm&r=g\"},\"description\":\"I am a postdoctoral fellow at the Universit\u00e9 du Qu\u00e9bec \u00e0 Montr\u00e9al. I did my PhD at the University of Toronto.\",\"sameAs\":[\"https:\\\/\\\/juliencarrier.com\",\"https:\\\/\\\/www.facebook.com\\\/profile.php?id=100005716321172\"]}]}<\/script>\n<!-- \/ Yoast SEO plugin. -->","yoast_head_json":{"title":"Julien Carrier","description":"My name is Julien Carrier and I am a SSHRC postdoctoral fellow in the Department of Linguistics at the Universit\u00e9 du Qu\u00e9bec \u00e0 Montr\u00e9al.","robots":{"index":"index","follow":"follow","max-snippet":"max-snippet:-1","max-image-preview":"max-image-preview:large","max-video-preview":"max-video-preview:-1"},"canonical":"https:\/\/juliencarrier.com\/fr\/","og_locale":"fr_FR","og_type":"article","og_title":"Julien Carrier","og_description":"My name is Julien Carrier and I am a SSHRC postdoctoral fellow in the Department of Linguistics at the Universit\u00e9 du Qu\u00e9bec \u00e0 Montr\u00e9al.","og_url":"https:\/\/juliencarrier.com\/fr\/","og_site_name":"Julien Carrier","article_publisher":"https:\/\/www.facebook.com\/profile.php?id=100005716321172","article_modified_time":"2024-08-20T02:22:50+00:00","og_image":[{"url":"https:\/\/juliencarrier.com\/wp-content\/uploads\/2021\/10\/Me-768x1024.jpg","type":"","width":"","height":""}],"twitter_card":"summary_large_image","twitter_misc":{"Dur\u00e9e de lecture estim\u00e9e":"1 minute"},"schema":{"@context":"https:\/\/schema.org","@graph":[{"@type":["WebPage","AboutPage"],"@id":"https:\/\/juliencarrier.com\/","url":"https:\/\/juliencarrier.com\/","name":"Julien Carrier","isPartOf":{"@id":"https:\/\/juliencarrier.com\/#website"},"primaryImageOfPage":{"@id":"https:\/\/juliencarrier.com\/#primaryimage"},"image":{"@id":"https:\/\/juliencarrier.com\/#primaryimage"},"thumbnailUrl":"https:\/\/juliencarrier.com\/wp-content\/uploads\/2021\/10\/Me-768x1024.jpg","datePublished":"2021-10-21T16:41:52+00:00","dateModified":"2024-08-20T02:22:50+00:00","description":"My name is Julien Carrier and I am a SSHRC postdoctoral fellow in the Department of Linguistics at the Universit\u00e9 du Qu\u00e9bec \u00e0 Montr\u00e9al.","breadcrumb":{"@id":"https:\/\/juliencarrier.com\/#breadcrumb"},"inLanguage":"fr-FR","potentialAction":[{"@type":"ReadAction","target":["https:\/\/juliencarrier.com\/"]}]},{"@type":"ImageObject","inLanguage":"fr-FR","@id":"https:\/\/juliencarrier.com\/#primaryimage","url":"https:\/\/juliencarrier.com\/wp-content\/uploads\/2021\/10\/Me-768x1024.jpg","contentUrl":"https:\/\/juliencarrier.com\/wp-content\/uploads\/2021\/10\/Me-768x1024.jpg"},{"@type":"BreadcrumbList","@id":"https:\/\/juliencarrier.com\/#breadcrumb","itemListElement":[{"@type":"ListItem","position":1,"name":"Home","item":"https:\/\/juliencarrier.com\/"},{"@type":"ListItem","position":2,"name":"Home"}]},{"@type":"WebSite","@id":"https:\/\/juliencarrier.com\/#website","url":"https:\/\/juliencarrier.com\/","name":"Julien Carrier","description":"Professeur adjoint @ Universit\u00e9 du Kentucky","publisher":{"@id":"https:\/\/juliencarrier.com\/#\/schema\/person\/d7c3510775020c6a1268db7d281a6777"},"potentialAction":[{"@type":"SearchAction","target":{"@type":"EntryPoint","urlTemplate":"https:\/\/juliencarrier.com\/?s={search_term_string}"},"query-input":{"@type":"PropertyValueSpecification","valueRequired":true,"valueName":"search_term_string"}}],"inLanguage":"fr-FR"},{"@type":["Person","Organization"],"@id":"https:\/\/juliencarrier.com\/#\/schema\/person\/d7c3510775020c6a1268db7d281a6777","name":"carrier.julien","image":{"@type":"ImageObject","inLanguage":"fr-FR","@id":"https:\/\/secure.gravatar.com\/avatar\/1fc8990565dae517d933c62b6f7e11ac3d3423dc9f65f354fe0640e5fdd913af?s=96&d=mm&r=g","url":"https:\/\/secure.gravatar.com\/avatar\/1fc8990565dae517d933c62b6f7e11ac3d3423dc9f65f354fe0640e5fdd913af?s=96&d=mm&r=g","contentUrl":"https:\/\/secure.gravatar.com\/avatar\/1fc8990565dae517d933c62b6f7e11ac3d3423dc9f65f354fe0640e5fdd913af?s=96&d=mm&r=g","caption":"carrier.julien"},"logo":{"@id":"https:\/\/secure.gravatar.com\/avatar\/1fc8990565dae517d933c62b6f7e11ac3d3423dc9f65f354fe0640e5fdd913af?s=96&d=mm&r=g"},"description":"I am a postdoctoral fellow at the Universit\u00e9 du Qu\u00e9bec \u00e0 Montr\u00e9al. I did my PhD at the University of Toronto.","sameAs":["https:\/\/juliencarrier.com","https:\/\/www.facebook.com\/profile.php?id=100005716321172"]}]}},"jetpack_sharing_enabled":true,"_links":{"self":[{"href":"https:\/\/juliencarrier.com\/fr\/wp-json\/wp\/v2\/pages\/19","targetHints":{"allow":["GET"]}}],"collection":[{"href":"https:\/\/juliencarrier.com\/fr\/wp-json\/wp\/v2\/pages"}],"about":[{"href":"https:\/\/juliencarrier.com\/fr\/wp-json\/wp\/v2\/types\/page"}],"author":[{"embeddable":true,"href":"https:\/\/juliencarrier.com\/fr\/wp-json\/wp\/v2\/users\/1"}],"replies":[{"embeddable":true,"href":"https:\/\/juliencarrier.com\/fr\/wp-json\/wp\/v2\/comments?post=19"}],"version-history":[{"count":5,"href":"https:\/\/juliencarrier.com\/fr\/wp-json\/wp\/v2\/pages\/19\/revisions"}],"predecessor-version":[{"id":688,"href":"https:\/\/juliencarrier.com\/fr\/wp-json\/wp\/v2\/pages\/19\/revisions\/688"}],"wp:attachment":[{"href":"https:\/\/juliencarrier.com\/fr\/wp-json\/wp\/v2\/media?parent=19"}],"curies":[{"name":"wp","href":"https:\/\/api.w.org\/{rel}","templated":true}]}}